{"id":21,"date":"2013-07-24T14:36:54","date_gmt":"2013-07-24T14:36:54","guid":{"rendered":"http:\/\/www.aomatos.com\/mates\/?page_id=21"},"modified":"2015-10-13T19:35:21","modified_gmt":"2015-10-13T17:35:21","slug":"ebooks-matematicos","status":"publish","type":"page","link":"https:\/\/aomatos.com\/mates\/pagina-ejemplo\/ebooks-matematicos\/","title":{"rendered":"Ebooks matem\u00e1ticos"},"content":{"rendered":"<ul id=\"engineShareList\">\n<li id=\"link_0\"><a href=\"http:\/\/espejo-ludico.blogspot.com.es\/p\/pagina-de-leah.html\" target=\"_blank\">El espejo l\u00fadico: P\u00e1gina de Lea(h)<\/a>:\u00a0Lea(h) es un libro, escrito por el autor de este blog, Juan Luis Rold\u00e1n y con ilustraciones de \u00c1ngel Efe, que narra el viaje de una chica por un barrio lleno de tiendas absurdas donde reina el ingenio, por lo que el texto incluye m\u00e1s de un centenar de acertijos, juegos de palabras, im\u00e1genes con truco. Hay que estar atentos, porque en Lea(h) casi todo tiene una segunda intenci\u00f3n&#8230; Lea(h) es un libro, escrito por el autor de este blog, Juan Luis Rold\u00e1n y con ilustraciones de \u00c1ngel Efe, que narra el viaje de una chica por un barrio lleno de tiendas absurdas donde reina el ingenio, por lo que el texto incluye m\u00e1s de un centena&#8230;<\/li>\n<li id=\"link_1\"><a href=\"http:\/\/bibliotecadigital.educ.ar\/articles\/read\/135\" target=\"_blank\">Educ.ar &#8211; Geometr\u00eda<\/a>:\u00a0Serie para la ense\u00f1anza en el modelo 1 a 1 &#8211; Material did\u00e1ctico para docentes de Geometr\u00eda, que forma parte de la Serie para la ense\u00f1anza en el modelo 1 a 1, desarrollada por educ.ar y el Ministerio de Educaci\u00f3n. El lector encontrar\u00e1 secuencias did\u00e1cticas que permiten abordar contenidos curriculares de la educaci\u00f3n secundaria utilizando las netbooks en el aula.<\/li>\n<li id=\"link_2\"><a href=\"http:\/\/bibliotecadigital.educ.ar\/articles\/read\/aritm%C3%A9tica\" target=\"_blank\">Educ.ar &#8211; Aritm\u00e9tica<\/a>:\u00a0Serie para la ense\u00f1anza en el modelo 1 a 1 &#8211; Material did\u00e1ctico para docentes de Aritm\u00e9tica, que forma parte de la Serie para la ense\u00f1anza en el modelo 1 a 1, desarrollada por educ.ar y el Ministerio de Educaci\u00f3n. El lector encontrar\u00e1 secuencias did\u00e1cticas que permiten abordar contenidos curriculares de la educaci\u00f3n secundaria utilizando las netbooks en el aula<\/li>\n<li id=\"link_3\"><a href=\"http:\/\/www.educarm.es\/templates\/portal\/images\/ficheros\/publicaciones\/1\/secciones\/2\/contenidos\/11\/librocompleto.pdf\" target=\"_blank\">Diario de matem\u00e1tica desnuda o aventuras por los paisajes del universo matem\u00e1tico.<\/a>: Entra\u00f1able libro de <strong>Pedro Buend\u00eda<\/strong> que nos cuenta los m\u00e9todos pr\u00e1cticos que ha seguido para ense\u00f1ar matem\u00e1ticas a Adultos.<\/li>\n<li><a href=\"http:\/\/www.librosmaravillosos.com\/hombrecalculaba\/index.html\" target=\"_blank\">El hombre que calculaba<\/a>. El libro habla del viaje de Beremiz y Hanak en la gran ciudad de Bagdad, donde Beremiz se convertir\u00e1 en c\u00e9lebre y famoso resolviendo situaciones que para otros eran matem\u00e1ticamente imposibles (como la divisi\u00f3n de los 35 camellos o el problema de las siete perlas). En el curso de la historia, Beremiz formar\u00e1 amistades con personajes cada vez m\u00e1s importantes, entre ellos, algunos jeques y el Maharaj\u00e1 de Lahore; mientras que en su momento de m\u00e1xima gloria desposar\u00e1 a Telassim, la hija de un jeque, y su antigua estudiante de matem\u00e1ticas. La aventura est\u00e1 acompa\u00f1ada por un gran n\u00famero de adivinanzas y curiosidades matem\u00e1ticas, como la incre\u00edble propiedad del n\u00famero 142 857.<\/li>\n<li><a href=\"http:\/\/www.librosmaravillosos.com\/eldiablodelosnumeros\/index.html\" target=\"_blank\">El diablo de los n\u00fameros<\/a>. A Robert no le gustan las Matem\u00e1ticas, como sucede a muchas personas, porque no las acaba de entender. Pero una noche \u00e9l sue\u00f1a con un diablillo que pretende iniciarle en la ciencia de los n\u00fameros. &#8230;<\/li>\n<li id=\"link_6\"><a href=\"http:\/\/mate.dm.uba.ar\/~cepaenza\/libro\/LIBRO_PAENZA.htm\" target=\"_blank\">MATEMATICA &#8230; ESTAS AHI?<\/a>:\u00a0Primer libro de <a href=\"http:\/\/es.wikipedia.org\/wiki\/Adri%C3%A1n_Paenza\" target=\"_blank\"><strong>Adri\u00e1n Paenza<\/strong><\/a> de la serie MATEMATICA &#8230; ESTAS AHI?. Sobre n\u00fameros, personajes, problemas y curiosidades<\/li>\n<li id=\"link_7\"><a href=\"http:\/\/cms.dm.uba.ar\/cep\/libro-e2.html\" target=\"_blank\">MATEMATICA &#8230; \u00bfESTAS AHI?. EPISODIO 2<\/a>:\u00a0M\u00e1s historias sobre n\u00fameros, personajes, problemas, juegos, l\u00f3gica y reflexiones sobre la matem\u00e1tica por ADRIAN PAENZA<\/li>\n<li><a href=\"http:\/\/cms.dm.uba.ar\/cep\/libro-e314.html\" target=\"_blank\">Matematica &#8230;\u00bfEst\u00e1s ah?\u00ed Episodio 3.14..<\/a>:\u00a0Tercera parte de Matematica &#8230;\u00bfEst\u00e1s ah?. \u00a1Paenza ataca de nuevo! por ADRIAN PAENZA<\/li>\n<li id=\"link_8\"><a href=\"http:\/\/cms.dm.uba.ar\/cep\/libro-e100.html\" target=\"_blank\">Matematica &#8230;\u00bfest\u00e1s ah\u00ed? Epidosio 100. de Adri\u00e1n Paenza<\/a>:\u00a0Cuarta parte de la excelente serie Matematica &#8230;\u00bfest\u00e1s ah\u00ed? de Adri\u00e1n Paenza.<\/li>\n<li><a href=\"http:\/\/cms.dm.uba.ar\/cep\/libro-e34y8.html\" target=\"_blank\">Matematica \u00bfestas ah\u00ed? La vuelta al mundo en 34 problemas y 8 historias&#8230;<\/a>:\u00a0Libro de Adri\u00e1n Paenza de la serie Matem\u00e1tica &#8230;\u00bfest\u00e1s ah\u00ed?<\/li>\n<li><a href=\"http:\/\/cms.dm.uba.ar\/material\/paenza\/libro6\/ComoEstoTambienEsMatematica.pdf\" rel=\"nofollow\">\u00bfC\u00f3mo, esto tambi\u00e9n es matem\u00e1tica?<\/a>\u00a0 Libro disponible en versi\u00f3n electr\u00f3nica para uso personal.<\/li>\n<li><a href=\"http:\/\/cms.dm.uba.ar\/material\/paenza\/libro7\/matematica_para_todos.pdf\" rel=\"nofollow\">Matem\u00e1tica para Todos<\/a>\u00a0Descarga s\u00f3lo para uso personal. Prohibida su reproducci\u00f3n comercial.<\/li>\n<li id=\"link_8\"><a href=\"http:\/\/www.freelibros.org\/matematicas\/matematica-maravillosa.html\" target=\"_blank\">Matem\u00e1tica maravillosa- Fundaci\u00f3n polar<\/a>\u00abMatem\u00e1tica Maravillosa\u00bb cierra la trilog\u00eda de libros que la Fundaci\u00f3n de Empresas Polar de Venezuela public\u00f3 como material pedag\u00f3gico para estudiantes de secundaria. Editado en 2006, el libro tiene un nivel que va desde la etapa final de la educaci\u00f3n secundaria obligatoria hasta algunos conceptos correspondientes a primer curso de alguna carrera t\u00e9cnica, pasando por supuesto por el Bachillerato. \u00abMatem\u00e1tica Maravillosa\u00bb cierra la trilog\u00eda de libros que la Fundaci\u00f3n de Empresas Polar de Venezuela public\u00f3 como material pedag\u00f3gico para estudiantes de secundaria. Editado en 2006, el libro tiene un nivel que va desde la etapa final de la educa&#8230;<\/li>\n<li id=\"link_9\"><a href=\"http:\/\/www.freelibros.org\/matematicas\/matematica-para-todos.html\" target=\"_blank\">Matem\u00e1tica para todos &#8211; Fundaci\u00f3n Polar<\/a>Matem\u00e1ticas para todos\u00bb es un proyecto de la Fundaci\u00f3n de Empresas Polar en Venezuela, cuyo objetivo principal es la promoci\u00f3n y apoyo a la investigaci\u00f3n, as\u00ed como el desarrollo de proyectos educativos orientados a los m\u00e1s desaforecidos. De este libro se pueden extraer multitud de actividades pedag\u00f3gicas que pueden ser muy \u00fatiles tanto para estudiantes de secundaria como para aquellos docentes que pueden hacer uso de \u00e9l. El libro se desarrolla en fasc\u00edculos de diferentes tem\u00e1ticas.<\/li>\n<\/ul>\n<h2><strong>Os dejo mi lista de libros en List.ly\u00a0<\/strong><\/h2>\n<div id=\"ly_wrap_i1P\" style=\"text-align: left;\"><strong id=\"ly_wrap_i1P_t\" style=\"display: block; margin: 10px 0 4px;\"><a title=\"Libros de Mates\" href=\"\/\/list.ly\/list\/i1P-libros-de-mates\" target=\"_blank\"> Libros de Mates<\/a><\/strong><script src=\"https:\/\/list.ly\/plugin\/show?list=i1P&amp;layout=gallery&amp;per_page=25\" type=\"text\/javascript\"><\/script><\/p>\n<div class=\"ly_wrap_f\" style=\"padding: 4px 0 10px;\">View more <a href=\"http:\/\/list.ly\/\" target=\"_blank\">lists<\/a> from <a href=\"http:\/\/list.ly\/antonio-omatos-soria\" target=\"_blank\"> Antonio Omatos Soria<\/a><\/div>\n<\/div>\n","protected":false},"excerpt":{"rendered":"<p>El espejo l\u00fadico: P\u00e1gina de Lea(h):\u00a0Lea(h) es un libro, escrito por el autor de este blog, Juan Luis Rold\u00e1n y con ilustraciones de \u00c1ngel Efe, que narra el viaje de una chica por un barrio lleno de tiendas absurdas donde reina el ingenio, por lo que el texto incluye m\u00e1s de un centenar de acertijos, [&hellip;]<\/p>\n","protected":false},"author":1,"featured_media":0,"parent":2,"menu_order":1,"comment_status":"open","ping_status":"open","template":"","meta":[],"_links":{"self":[{"href":"https:\/\/aomatos.com\/mates\/wp-json\/wp\/v2\/pages\/21"}],"collection":[{"href":"https:\/\/aomatos.com\/mates\/wp-json\/wp\/v2\/pages"}],"about":[{"href":"https:\/\/aomatos.com\/mates\/wp-json\/wp\/v2\/types\/page"}],"author":[{"embeddable":true,"href":"https:\/\/aomatos.com\/mates\/wp-json\/wp\/v2\/users\/1"}],"replies":[{"embeddable":true,"href":"https:\/\/aomatos.com\/mates\/wp-json\/wp\/v2\/comments?post=21"}],"version-history":[{"count":7,"href":"https:\/\/aomatos.com\/mates\/wp-json\/wp\/v2\/pages\/21\/revisions"}],"predecessor-version":[{"id":498,"href":"https:\/\/aomatos.com\/mates\/wp-json\/wp\/v2\/pages\/21\/revisions\/498"}],"up":[{"embeddable":true,"href":"https:\/\/aomatos.com\/mates\/wp-json\/wp\/v2\/pages\/2"}],"wp:attachment":[{"href":"https:\/\/aomatos.com\/mates\/wp-json\/wp\/v2\/media?parent=21"}],"curies":[{"name":"wp","href":"https:\/\/api.w.org\/{rel}","templated":true}]}}