{"id":260,"date":"2014-11-14T18:41:36","date_gmt":"2014-11-14T16:41:36","guid":{"rendered":"http:\/\/mates.aomatos.com\/?page_id=260"},"modified":"2014-11-14T18:41:36","modified_gmt":"2014-11-14T16:41:36","slug":"webs-matematicas","status":"publish","type":"page","link":"https:\/\/aomatos.com\/mates\/webs-matematicas\/","title":{"rendered":"Webs matem\u00e1ticas"},"content":{"rendered":"<p>Aqu\u00ed podr\u00e1s encontrar las mejores p\u00e1ginas que conozco sobre las matem\u00e1ticas. Las encontrar\u00e1s agrupadas de acuerdo al siguiente esquema:<\/p>\n<ul>\n<li>Blogs matem\u00e1ticos y webs de divulgaci\u00f3n matem\u00e1tica<\/li>\n<li>Recursos interactivos para el aula: manipulables, interactivos, etc<\/li>\n<li>Test y actividades para el aula de mates<\/li>\n<\/ul>\n<p>&nbsp;<\/p>\n<p>&nbsp;<\/p>\n","protected":false},"excerpt":{"rendered":"<p>Aqu\u00ed podr\u00e1s encontrar las mejores p\u00e1ginas que conozco sobre las matem\u00e1ticas. Las encontrar\u00e1s agrupadas de acuerdo al siguiente esquema: Blogs matem\u00e1ticos y webs de divulgaci\u00f3n matem\u00e1tica Recursos interactivos para el aula: manipulables, interactivos, etc Test y actividades para el aula de mates &nbsp; &nbsp;<\/p>\n","protected":false},"author":1,"featured_media":0,"parent":0,"menu_order":0,"comment_status":"open","ping_status":"open","template":"","meta":[],"_links":{"self":[{"href":"https:\/\/aomatos.com\/mates\/wp-json\/wp\/v2\/pages\/260"}],"collection":[{"href":"https:\/\/aomatos.com\/mates\/wp-json\/wp\/v2\/pages"}],"about":[{"href":"https:\/\/aomatos.com\/mates\/wp-json\/wp\/v2\/types\/page"}],"author":[{"embeddable":true,"href":"https:\/\/aomatos.com\/mates\/wp-json\/wp\/v2\/users\/1"}],"replies":[{"embeddable":true,"href":"https:\/\/aomatos.com\/mates\/wp-json\/wp\/v2\/comments?post=260"}],"version-history":[{"count":1,"href":"https:\/\/aomatos.com\/mates\/wp-json\/wp\/v2\/pages\/260\/revisions"}],"predecessor-version":[{"id":261,"href":"https:\/\/aomatos.com\/mates\/wp-json\/wp\/v2\/pages\/260\/revisions\/261"}],"wp:attachment":[{"href":"https:\/\/aomatos.com\/mates\/wp-json\/wp\/v2\/media?parent=260"}],"curies":[{"name":"wp","href":"https:\/\/api.w.org\/{rel}","templated":true}]}}