{"id":32,"date":"2013-07-24T15:03:32","date_gmt":"2013-07-24T15:03:32","guid":{"rendered":"http:\/\/www.aomatos.com\/mates\/?page_id=32"},"modified":"2013-08-12T16:21:35","modified_gmt":"2013-08-12T14:21:35","slug":"software-matematico","status":"publish","type":"page","link":"https:\/\/aomatos.com\/mates\/pagina-ejemplo\/software-matematico\/","title":{"rendered":"Software matem\u00e1tico"},"content":{"rendered":"<h2>Geometr\u00eda Din\u00e1mica<\/h2>\n<h3>Geogebra<\/h3>\n<p><a href=\"http:\/\/www.aomatos.com\/mates\/wp-content\/uploads\/2013\/07\/geogebra.gif\"><img decoding=\"async\" loading=\"lazy\" class=\" wp-image-52 alignleft\" alt=\"geogebra\" src=\"http:\/\/www.aomatos.com\/mates\/wp-content\/uploads\/2013\/07\/geogebra.gif\" width=\"93\" height=\"88\" \/><\/a>GeoGebra es un software interactivo en el que se \u201casocian\u201d, por partes iguales, la Geometr\u00eda y el Algebra. Fue especialmente dise\u00f1ado, por Markus Hohenwarter de la Universidad de Salzburgo, como utilitario para la ense\u00f1anza y aprendizaje de matem\u00e1tica a nivel de la escolaridad media.<\/p>\n<p>URL: <a href=\"http:\/\/www.geogebra.org\">http:\/\/www.geogebra.org<\/a><\/p>\n<p><strong><em>Materiales en Geogebra<\/em><\/strong>: <a href=\"http:\/\/www.geogebratube.org\/\">http:\/\/www.geogebratube.org\/<\/a><\/p>\n<h3>CaRMetal<\/h3>\n<p>El programa CaRMetal deriva de R.y.C. (Regla y comp\u00e1s) y recoge todas \u2013o casi todas \u2013 sus prestaciones proponiendo una aproximaci\u00f3n diferente desde el punto de vista de la interface gr\u00e1fica. (\u2026)<\/p>\n<p>Esta nueva interface, desarrollada por Eric Hakenholz, proporciona un acceso directo y efectos inmediatos a un buen n\u00famero de acciones que necesitaban hasta ahora de pasos intermedios, a menudo materializados por cuadros de di\u00e1logos modales.<\/p>\n<p>Las construcciones se hacen en CaRMetal con la ayuda de una paleta principal y de dos \u201cinspectores\u201d: uno se ocupa de la gesti\u00f3n de las macros y el otro se encarga de las propiedades de los objetos.<\/p>\n<p>URL: <a href=\"http:\/\/db-maths.nuxit.net\/CaRMetal\/index_es.html\">http:\/\/db-maths.nuxit.net\/CaRMetal\/index_es.html<\/a><\/p>\n<h3>Cinderella<\/h3>\n<p><img decoding=\"async\" loading=\"lazy\" style=\"float: left;\" alt=\"\" src=\"http:\/\/www.cinderella.de\/images\/logo.png\" width=\"69\" height=\"70\" \/><\/p>\n<p>Procesador geom\u00e9trico que tiene la ventaja de estar programado en Java, posee potentes algoritmos utilizando geometr\u00eda proyectiva compleja, posee un comprobador autom\u00e1tico de resultados y la posibilidad de realizar construcciones y visualizar en geometr\u00eda esf\u00e9rica e hiperb\u00f3lica.<\/p>\n<p>URL: <a href=\"http:\/\/www.cinderella.de\/tiki-index.php\">http:\/\/www.cinderella.de\/tiki-index.php<\/a><\/p>\n<h3>Cabri II plus<\/h3>\n<p>Herramienta de gran potencial para la ense\u00f1anza \u2013 aprendizaje de la geometr\u00eda euclideana, transformacional y anal\u00edtica, que permite, en forma sencilla, construir objetos geom\u00e9tricos y luego trasladarlos, girarlos, y estudiar en ellos aspectos tales como, simetr\u00eda o proporciones.<\/p>\n<p>Es posible medir las figuras, representar las ecuaciones que les corresponden, comprobar sus propiedades geom\u00e9tricas y realizar c\u00e1lculos vinculados a sus propiedades.<\/p>\n<p>URL: <a href=\"http:\/\/www.cabri.com\/\">http:\/\/www.cabri.com\/<\/a><\/p>\n<p>&nbsp;<\/p>\n<h2>Algebra computacional<\/h2>\n<h3>Maxima<\/h3>\n<p><img decoding=\"async\" loading=\"lazy\" style=\"float: left;\" alt=\"\" src=\"http:\/\/maxima.sourceforge.net\/i\/logo.png\" width=\"64\" height=\"60\" \/>Maxima es un sistema para la manipulaci\u00f3n de expresiones simb\u00f3licas y num\u00e9ricas, incluyendo diferenciaci\u00f3n, integraci\u00f3n, expansi\u00f3n en series de Taylor, transformadas de Laplace, ecuaciones diferenciales ordinarias, sistemas de ecuaciones lineales, y vectores, matrices y tensores. Maxima produce resultados con alta precisi\u00f3n usando fracciones ex\u00e1ctas y representaciones con aritm\u00e9tica de coma flotante arbitraria. Adicionalmente puede graficar funciones y datos en dos y tres dimensiones.<\/p>\n<p>URL: <a href=\"http:\/\/maxima.sourceforge.net\/es\/\">http:\/\/maxima.sourceforge.net\/es\/<\/a><\/p>\n<h2>Wiris<\/h2>\n<p><b><img decoding=\"async\" loading=\"lazy\" style=\"float: left;\" alt=\"\" src=\"http:\/\/www.wiris.com\/portal\/system\/files\/filefield\/729\/88x31.gif\" width=\"88\" height=\"31\" \/>WIRIS<\/b> es un programa de <a title=\"\u00c1lgebra computacional\" href=\"http:\/\/es.wikipedia.org\/wiki\/%C3%81lgebra_computacional\">\u00e1lgebra computacional<\/a> usado <a title=\"En l\u00ednea\" href=\"http:\/\/es.wikipedia.org\/wiki\/En_l%C3%ADnea\">en l\u00ednea<\/a> (online) con prop\u00f3sitos educativos.<\/p>\n<p>URL: <a href=\"http:\/\/www.juntadeandalucia.es\/averroes\/wiris\/es\/index.html\">http:\/\/www.juntadeandalucia.es\/averroes\/wiris\/es\/index.html<\/a><\/p>\n","protected":false},"excerpt":{"rendered":"<p>Geometr\u00eda Din\u00e1mica Geogebra GeoGebra es un software interactivo en el que se \u201casocian\u201d, por partes iguales, la Geometr\u00eda y el Algebra. Fue especialmente dise\u00f1ado, por Markus Hohenwarter de la Universidad de Salzburgo, como utilitario para la ense\u00f1anza y aprendizaje de matem\u00e1tica a nivel de la escolaridad media. URL: http:\/\/www.geogebra.org Materiales en Geogebra: http:\/\/www.geogebratube.org\/ CaRMetal El [&hellip;]<\/p>\n","protected":false},"author":1,"featured_media":0,"parent":2,"menu_order":3,"comment_status":"open","ping_status":"open","template":"","meta":[],"_links":{"self":[{"href":"https:\/\/aomatos.com\/mates\/wp-json\/wp\/v2\/pages\/32"}],"collection":[{"href":"https:\/\/aomatos.com\/mates\/wp-json\/wp\/v2\/pages"}],"about":[{"href":"https:\/\/aomatos.com\/mates\/wp-json\/wp\/v2\/types\/page"}],"author":[{"embeddable":true,"href":"https:\/\/aomatos.com\/mates\/wp-json\/wp\/v2\/users\/1"}],"replies":[{"embeddable":true,"href":"https:\/\/aomatos.com\/mates\/wp-json\/wp\/v2\/comments?post=32"}],"version-history":[{"count":7,"href":"https:\/\/aomatos.com\/mates\/wp-json\/wp\/v2\/pages\/32\/revisions"}],"predecessor-version":[{"id":290,"href":"https:\/\/aomatos.com\/mates\/wp-json\/wp\/v2\/pages\/32\/revisions\/290"}],"up":[{"embeddable":true,"href":"https:\/\/aomatos.com\/mates\/wp-json\/wp\/v2\/pages\/2"}],"wp:attachment":[{"href":"https:\/\/aomatos.com\/mates\/wp-json\/wp\/v2\/media?parent=32"}],"curies":[{"name":"wp","href":"https:\/\/api.w.org\/{rel}","templated":true}]}}