{"id":4,"date":"2013-07-24T12:00:39","date_gmt":"2013-07-24T12:00:39","guid":{"rendered":"http:\/\/www.aomatos.com\/mates\/?page_id=4"},"modified":"2017-10-15T21:22:15","modified_gmt":"2017-10-15T19:22:15","slug":"vide","status":"publish","type":"page","link":"https:\/\/aomatos.com\/mates\/pagina-ejemplo\/vide\/","title":{"rendered":"V\u00eddeos"},"content":{"rendered":"<h2>SERIES DIVULGACI\u00d3N<\/h2>\n<h3>Alterados por PI<\/h3>\n<p>Excelente serie dirigida por Adri\u00e1n Paenza de divulgaci\u00f3n matem\u00e1tica. Podemos ver todos los cap\u00edtulos o descargarlos en la <a title=\"Alterados por Pi\" href=\"http:\/\/encuentro.gob.ar\/programas\/serie\/8028\/\" target=\"_blank\" rel=\"noopener noreferrer\">web del programa<\/a>.<\/p>\n<h3>Universo matem\u00e1tico<\/h3>\n<p><img decoding=\"async\" loading=\"lazy\" src=\"http:\/\/img.irtve.es\/imagenes\/universo-matematico\/1327419998670.jpg\" alt=\"\" width=\"625\" height=\"300\" \/><\/p>\n<p>Una de las series m\u00e1s famosas de la aventura del saber. En la <a title=\"Universo Matem\u00e1tico\" href=\"http:\/\/www.rtve.es\/television\/la-aventura-del-saber\/documentales\/universo-matematico\/\">web <\/a>que ha creado RTVE dedicada a dicha serie, podemos encontrar, adem\u00e1s de los cap\u00edtulos, materiales did\u00e1cticos para trabajar cada uno de los cap\u00edtulos.<\/p>\n<ol>\n<li><a href=\"http:\/\/www.rtve.es\/alacarta\/videos\/universo-matematico\/universo-matematico-historias-pi\/892079\/\" target=\"_blank\" rel=\"noopener noreferrer\">Historias de Pi<\/a> (Ep.2)<\/li>\n<li><a href=\"http:\/\/www.rtve.es\/aventura\/webcap3\/\" target=\"_blank\" rel=\"noopener noreferrer\">Las cifras, un viajero en el tiempo<\/a> (Ep.3)<\/li>\n<li><a href=\"http:\/\/www.rtve.es\/alacarta\/videos\/universo-matematico\/universo-matematico-universo-matematico\/890951\/\" target=\"_blank\" rel=\"noopener noreferrer\">Fermat, el margen m\u00e1s famoso de la historia<\/a> (Ep. 4)<\/li>\n<li><a href=\"http:\/\/www.rtve.es\/alacarta\/videos\/universo-matematico\/universo-matematico-gauss-real-imaginario\/885299\/\" target=\"_blank\" rel=\"noopener noreferrer\">Gauss, de lo real a lo imaginario<\/a> (Ep. 5)<\/li>\n<li><a href=\"http:\/\/www.rtve.es\/alacarta\/videos\/universo-matematico\/universo-matematico-euler-superestrella\/886229\/\" target=\"_blank\" rel=\"noopener noreferrer\">Euler, una superestrella<\/a> (Ep. 6)<\/li>\n<li><a href=\"http:\/\/www.rtve.es\/alacarta\/videos\/universo-matematico\/universo-matematico-sobre-hombros-gigantes-newton-leibnitz\/888083\/\" target=\"_blank\" rel=\"noopener noreferrer\">Sobre hombros de gigantes; Newton y Leibnitz<\/a> (Ep. 7)<\/li>\n<li><a href=\"http:\/\/www.rtve.es\/alacarta\/videos\/universo-matematico\/universo-matematico-matematicas-revolucion-francesa\/889948\/\" target=\"_blank\" rel=\"noopener noreferrer\">La Revoluci\u00f3n Francesa<\/a> (Ep. 8)<\/li>\n<li><a href=\"http:\/\/www.rtve.es\/alacarta\/videos\/universo-matematico\/universo-matematico-20-09-10\/882229\/\" target=\"_blank\" rel=\"noopener noreferrer\">Mujeres matem\u00e1ticas<\/a> (Ep. 9)<\/li>\n<li><a href=\"http:\/\/www.rtve.es\/alacarta\/videos\/universo-matematico\/universo-matematico-busqueda-sueno-orden-caos\/889029\/\" target=\"_blank\" rel=\"noopener noreferrer\">La b\u00fasqueda de un sue\u00f1o, orden en el caos<\/a> (Ep. 10)<\/li>\n<\/ol>\n<h3>M\u00e1s por menos<\/h3>\n<p><img decoding=\"async\" src=\"http:\/\/img.irtve.es\/imagenes\/mas-menos\/1327419657605.jpg\" alt=\"\" \/><\/p>\n<p>Otra de las series famosas de la aventura del saber. En la\u00a0<a title=\"M\u00e1s por menos\" href=\"http:\/\/www.rtve.es\/television\/la-aventura-del-saber\/documentales\/mas-por-menos\/\" target=\"_blank\" rel=\"noopener noreferrer\">web<\/a>\u00a0que ha creado RTVE dedicada a dicha serie, podemos encontrar, adem\u00e1s de los cap\u00edtulos, materiales did\u00e1cticos para trabajar cada uno de los cap\u00edtulos.<\/p>\n<ol>\n<li><a href=\"http:\/\/www.rtve.es\/alacarta\/videos\/mas-por-menos\/aventura-del-saber-serie-mas-menos-numero-aureo\/1290977\/\" target=\"_blank\" rel=\"noopener noreferrer\">El n\u00famero \u00e1ureo<\/a>: C\u00f3mo construir rect\u00e1ngulos \u00e1ureos y sus propiedades<\/li>\n<li><a href=\"http:\/\/www.rtve.es\/alacarta\/videos\/mas-por-menos\/aventura-del-saber-serie-mas-menos-movimientos-plano\/1283084\/\" target=\"_blank\" rel=\"noopener noreferrer\">Movimientos en el plano<\/a>: Movimientos de las figuras geom\u00e9tricas: Traslaci\u00f3n, giro y simetr\u00eda<\/li>\n<li><a href=\"http:\/\/www.rtve.es\/alacarta\/videos\/mas-por-menos\/aventura-del-saber-serie-mas-menos-geometria-se-hace-arte\/1291007\/\" target=\"_blank\" rel=\"noopener noreferrer\">La geometr\u00eda se hace arte<\/a>: C\u00f3mo la Alhambra de Granada es muy relevante en el arte geom\u00e9trico<\/li>\n<li><a href=\"http:\/\/www.rtve.es\/alacarta\/videos\/mas-por-menos\/aventura-del-saber-serie-mas-menos-mundo-espirales\/1291428\/\" target=\"_blank\" rel=\"noopener noreferrer\">El mundo de las espirales<\/a>:La espiral ejerce sobre nosotros un influjo casi hipn\u00f3tico<\/li>\n<li><a href=\"http:\/\/www.rtve.es\/alacarta\/videos\/mas-por-menos\/aventura-del-saber-serie-mas-menos-conicas-del-baloncesto-cometas\/1291515\/\" target=\"_blank\" rel=\"noopener noreferrer\">C\u00f3nicas<\/a>: Del Baloncesto a los Cometas: Unas curvas que atraen a los matem\u00e1ticos desde hace m\u00e1s de 2.400 a\u00f1os<\/li>\n<li><a href=\"http:\/\/www.rtve.es\/alacarta\/videos\/mas-por-menos\/aventura-del-saber-serie-mas-menos-fibonacci-magia-numeros\/1291572\/\" target=\"_blank\" rel=\"noopener noreferrer\">Fibonacci. La magia de los n\u00fameros<\/a>: Fibonacci fue fundamental en la difusi\u00f3n y conocimiento de nuestro sistema de numeraci\u00f3n<\/li>\n<li><a href=\"http:\/\/www.rtve.es\/alacarta\/videos\/mas-por-menos\/aventura-del-saber-serie-mas-menos-leyes-del-azar\/1296423\/\" target=\"_blank\" rel=\"noopener noreferrer\">Las leyes del azar<\/a>: Principios del c\u00e1lculo de probabilidades: Variaciones, permutaciones y combinaciones<\/li>\n<li><a href=\"http:\/\/www.rtve.es\/alacarta\/videos\/mas-por-menos\/aventura-del-saber-serie-mas-menos-numeros-naturales-numeros-primos\/1296603\/\" target=\"_blank\" rel=\"noopener noreferrer\">N\u00fameros Naturales, N\u00fameros Primos<\/a>: N\u00fameros especiales que pueden ayudarnos a ocultar mensajes secretos<\/li>\n<li><a href=\"http:\/\/www.rtve.es\/alacarta\/videos\/mas-por-menos\/aventura-del-saber-serie-mas-menos-fractales-geometria-del-caos\/1296590\/\" target=\"_blank\" rel=\"noopener noreferrer\">Fractales. La Geometr\u00eda del Caos Cap\u00edtulo<\/a>: Objetos que tienen un orden asombroso en su irregularidad<\/li>\n<li><a href=\"http:\/\/www.rtve.es\/alacarta\/videos\/mas-por-menos\/aventura-del-saber-serie-mas-menos-numero-llamado\/1296636\/\" target=\"_blank\" rel=\"noopener noreferrer\">Un n\u00famero llamado e<\/a>: Los logaritmos simplificaron la realizaci\u00f3n de c\u00e1lculos matem\u00e1ticos<\/li>\n<li><a href=\"http:\/\/www.rtve.es\/alacarta\/videos\/mas-por-menos\/aventura-del-saber-serie-mas-menos-mundo-graficas\/1296680\/\" target=\"_blank\" rel=\"noopener noreferrer\">El mundo de las gr\u00e1ficas<\/a>: Los gr\u00e1ficos estad\u00edsticos son estudiados y mejorados por las matem\u00e1ticas<\/li>\n<li><a href=\"http:\/\/www.rtve.es\/alacarta\/videos\/mas-por-menos\/aventura-del-saber-serie-mas-menos-matematicas-realidad\/1296677\/\" target=\"_blank\" rel=\"noopener noreferrer\">Matem\u00e1ticas y Realidad<\/a>: Una peque\u00f1a recopilaci\u00f3n de la serie y un paseo por los logaritmos<\/li>\n<\/ol>\n<h3>Ojo Matem\u00e1tico<\/h3>\n<p>Otra famosa serie, los contenidos de los 10 cap\u00edtulos serie \u00abOjo Matem\u00e1tico\u00bb son:<\/p>\n<ol>\n<li>\u00c1rea y volumen.<\/li>\n<li>Ecuaciones y f\u00f3rmulas.<\/li>\n<li>Fracciones y porcentajes.<\/li>\n<li>Gr\u00e1ficos.<\/li>\n<li>L\u00f3gica y resoluci\u00f3n de problemas.<\/li>\n<li>N\u00fameros.<\/li>\n<li>Probabilidad.<\/li>\n<li>Raz\u00f3n y escala.<\/li>\n<li>Formas y \u00e1ngulos.<\/li>\n<li>Simetr\u00eda.<\/li>\n<\/ol>\n<p>En esta lista de reproducci\u00f3n de Youtube pod\u00e9is ver todos los cap\u00edtulos:<\/p>\n<p><iframe loading=\"lazy\" src=\"\/\/www.youtube.com\/embed\/videoseries?list=PLE40A8541278D1843\" width=\"640\" height=\"360\" frameborder=\"0\" allowfullscreen=\"allowfullscreen\"><\/iframe><\/p>\n<h2>TED (ideas word spreading)<\/h2>\n<ul>\n<li><a href=\"http:\/\/www.ted.com\/talks\/terry_moore_why_is_x_the_unknown.html\" target=\"_blank\" rel=\"noopener noreferrer\">Terry Moore: \u00bfPor qu\u00e9 <\/a> <a href=\"http:\/\/www.ted.com\/talks\/terry_moore_why_is_x_the_unknown.html\" target=\"_blank\" rel=\"noopener noreferrer\"> <i>x<span style=\"font-family: Verdana;\"> es la inc\u00f3gnita?<\/span><\/i><\/a><\/li>\n<li><a href=\"http:\/\/www.youtube.com\/watch?feature=g-all-u&amp;context=G2de0713FAAAAAAAAAAA&amp;v=JXywsNXH6J0&amp;gl=ES\" target=\"_blank\" rel=\"noopener noreferrer\">Dan Meyer: Cambiar las clases de Matem\u00e1ticas<\/a><\/li>\n<li><a href=\"http:\/\/www.ted.com\/talks\/ron_eglash_on_african_fractals.html\" target=\"_blank\" rel=\"noopener noreferrer\">Ron Eglash: Fractales africanos<\/a><\/li>\n<li><a href=\"http:\/\/www.ted.com\/talks\/lang\/en\/sean_gourley_on_the_mathematics_of_war.html\" target=\"_blank\" rel=\"noopener noreferrer\">Sean Gourley: Las matem\u00e1ticas de la guerra<\/a><\/li>\n<li><a href=\"http:\/\/www.ted.com\/talks\/marcus_du_sautoy_symmetry_reality_s_riddle.html\" target=\"_blank\" rel=\"noopener noreferrer\">Marcus Du Sautoy: Simetr\u00eda<\/a><\/li>\n<li><a href=\"http:\/\/www.ted.com\/talks\/lang\/en\/benoit_mandelbrot_fractals_the_art_of_roughness.html\" target=\"_blank\" rel=\"noopener noreferrer\">Beno\u00eet Mandelbrot: Fractales<\/a><\/li>\n<li><a href=\"http:\/\/www.ted.com\/talks\/lang\/es\/arthur_benjamin_s_formula_for_changing_math_education.html\">ARTHUR BENJAMIN: LA F\u00d3RMULA DE ARTHUR BENJAMIN PARA CAMBIAR LA ENSE\u00d1ANZA DE LAS MATEM\u00c1TICAS<\/a><\/li>\n<li><a href=\"http:\/\/www.ted.com\/talks\/lang\/es\/conrad_wolfram_teaching_kids_real_math_with_computers.html\">CONRAD WOLFRAM: C\u00d3MO ENSE\u00d1AR A LOS NI\u00d1OS MATEM\u00c1TICA REAL CON COMPUTADORAS<\/a><\/li>\n<\/ul>\n<h2>Historia de la matem\u00e1tica<\/h2>\n<ul>\n<li>La proporci\u00f3n divina, el n\u00famero phi (<a href=\"http:\/\/www.youtube.com\/watch?v=NAJd1f4d1sk&amp;feature=related\" target=\"_blank\" rel=\"noopener noreferrer\">1\/6<\/a>, <a href=\"http:\/\/www.youtube.com\/watch?v=dNlRV-DIStg\" target=\"_blank\" rel=\"noopener noreferrer\">2\/6<\/a>, <a href=\"http:\/\/www.youtube.com\/watch?v=JEaoB_VknGk\" target=\"_blank\" rel=\"noopener noreferrer\">3\/6<\/a>, <a href=\"http:\/\/www.youtube.com\/watch?v=aml4mUI_QlM\" target=\"_blank\" rel=\"noopener noreferrer\">4\/6<\/a>, <a href=\"http:\/\/www.youtube.com\/watch?v=hvEoRxWWkaI\" target=\"_blank\" rel=\"noopener noreferrer\">5\/6<\/a> y <a href=\"http:\/\/www.youtube.com\/watch?v=p3p7SbuZgoE\" target=\"_blank\" rel=\"noopener noreferrer\">6\/6<\/a>) Del programa Redes de Eduard Punset.<\/li>\n<li><a href=\"http:\/\/www.youtube.com\/watch?v=KyORBGrvlyM&amp;feature=related\" target=\"_blank\" rel=\"noopener noreferrer\">La m\u00fasica de los n\u00fameros primos<\/a> de Marcus de Sautoy. El enlace nos muestra el cap\u00edtulo 1, es f\u00e1cil a partir de ah\u00ed llegar a los otros tres cap\u00edtulos.<\/li>\n<li><a href=\"http:\/\/www.youtube.com\/watch?v=Lq67Ob7Y8F8\" target=\"_blank\" rel=\"noopener noreferrer\">El lenguaje del Universo <\/a>Historia de las Matem\u00e1ticas I de Marcus Du Sautoy. BBC.<\/li>\n<li><a href=\"http:\/\/www.youtube.com\/watch?v=FHnp7CcclXY\" target=\"_blank\" rel=\"noopener noreferrer\">La sabidur\u00eda de Oriente<\/a>\u00a0Historia de las Matem\u00e1ticas II de Marcus Du Sautoy. BBC.<\/li>\n<li><a href=\"http:\/\/www.youtube.com\/watch?v=Uy-CxweXcxM\" target=\"_blank\" rel=\"noopener noreferrer\">Las fronteras del espacio<\/a>\u00a0 Historia de las Matem\u00e1ticas III de Marcus Du Sautoy. BBC.<\/li>\n<li><a href=\"http:\/\/www.youtube.com\/watch?v=ReD6j3s-Ti8\" target=\"_blank\" rel=\"noopener noreferrer\">Hacia el Infinito y m\u00e1s all\u00e1<\/a>\u00a0 Historia de las Matem\u00e1ticas IV de Marcus Du Sautoy. BBC.<\/li>\n<li><a href=\"http:\/\/www.youtube.com\/watch?v=RrqXOaK50pY\" target=\"_blank\" rel=\"noopener noreferrer\">La historia del n\u00famero 1<\/a><\/li>\n<li><a href=\"http:\/\/www.youtube.com\/watch?v=PpteAZuVpjo&amp;feature=related\" target=\"_blank\" rel=\"noopener noreferrer\">Proporci\u00f3n a\u00farea. El n\u00famero phi<\/a>. Documental corto e interesante para conocer la proporci\u00f3n a\u00farea.<\/li>\n<\/ul>\n<h2>V\u00eddeos de Etherea Studios (Crist\u00f3bal Vila)<\/h2>\n<ul>\n<li><a href=\"http:\/\/vimeo.com\/814808\" target=\"_blank\" rel=\"noopener noreferrer\">Isfaban<\/a>: geometr\u00eda en los templos persas.<\/li>\n<li><a href=\"http:\/\/vimeo.com\/9953368\" target=\"_blank\" rel=\"noopener noreferrer\">Nature by numbers<\/a>: nos muestra con gran belleza la relaci\u00f3n existente entre los n\u00fameros, la geometr\u00eda y la naturaleza. Una bonita forma de ver la presencia de las matem\u00e1ticas en nuestras vidas y como la naturaleza se rige por patrones geom\u00e9tricos. En esta <a href=\"http:\/\/www.etereaestudios.com\/docs_html\/nbyn_htm\/about_index.htm\" target=\"_blank\" rel=\"noopener noreferrer\">p\u00e1gina<\/a> de Etherea Studios podemos encontrar toda la teor\u00eda que hay detr\u00e1s del v\u00eddeo.<\/li>\n<li><a href=\"http:\/\/vimeo.com\/36296951\" target=\"_blank\" rel=\"noopener noreferrer\">Inspirations<\/a>: un bello v\u00eddeo que nos muestra c\u00f3mo deb\u00eda ser el escritorio de Escher, lleno de elementos matem\u00e1ticos. Al igual que con el v\u00eddeo anterior, en esta <a href=\"http:\/\/www.etereaestudios.com\/docs_html\/inspirations_htm\/maths_index.htm\" target=\"_blank\" rel=\"noopener noreferrer\">p\u00e1gina<\/a> tenemos toda la explicaci\u00f3n matem\u00e1tica que hay en el v\u00eddeo.<\/li>\n<li><a href=\"https:\/\/vimeo.com\/131194370\" target=\"_blank\" rel=\"noopener noreferrer\">Ars Qubica<\/a>: Otra joya de la factor\u00eda de Eherea, me quedo conlas palabras del\u00a0autor en la <a href=\"http:\/\/www.etereaestudios.com\/docs_html\/arsqubica_htm\/index.htm\" target=\"_blank\" rel=\"noopener noreferrer\">web dedicada<\/a>\u00a0al v\u00eddeo:<\/li>\n<\/ul>\n<blockquote><p><span style=\"line-height: 1.5;\">\u00abEl planteamiento b\u00e1sico de Ars Qubica es el de <\/span><strong style=\"line-height: 1.5;\">transmitir la presencia de la geometr\u00eda y las matem\u00e1ticas en el arte.<\/strong><span style=\"line-height: 1.5;\">Para ello se utiliza la figura de un cubo como hilo conductor, una figura geom\u00e9trica que, al ser cortada por un plano, puede dar lugar a un cuadrado, un tri\u00e1ngulo equil\u00e1tero, un pent\u00e1gono no regular o un hex\u00e1gono. Tambi\u00e9n comprobaremos c\u00f3mo esas secciones est\u00e1n presentes en distintas obras art\u00edsticas y ornamentales.\u00bb<\/span><\/p><\/blockquote>\n<p>&nbsp;<\/p>\n<p>&nbsp;<\/p>\n","protected":false},"excerpt":{"rendered":"<p>SERIES DIVULGACI\u00d3N Alterados por PI Excelente serie dirigida por Adri\u00e1n Paenza de divulgaci\u00f3n matem\u00e1tica. Podemos ver todos los cap\u00edtulos o descargarlos en la web del programa. Universo matem\u00e1tico Una de las series m\u00e1s famosas de la aventura del saber. En la web que ha creado RTVE dedicada a dicha serie, podemos encontrar, adem\u00e1s de los [&hellip;]<\/p>\n","protected":false},"author":1,"featured_media":0,"parent":2,"menu_order":0,"comment_status":"open","ping_status":"closed","template":"","meta":[],"_links":{"self":[{"href":"https:\/\/aomatos.com\/mates\/wp-json\/wp\/v2\/pages\/4"}],"collection":[{"href":"https:\/\/aomatos.com\/mates\/wp-json\/wp\/v2\/pages"}],"about":[{"href":"https:\/\/aomatos.com\/mates\/wp-json\/wp\/v2\/types\/page"}],"author":[{"embeddable":true,"href":"https:\/\/aomatos.com\/mates\/wp-json\/wp\/v2\/users\/1"}],"replies":[{"embeddable":true,"href":"https:\/\/aomatos.com\/mates\/wp-json\/wp\/v2\/comments?post=4"}],"version-history":[{"count":18,"href":"https:\/\/aomatos.com\/mates\/wp-json\/wp\/v2\/pages\/4\/revisions"}],"predecessor-version":[{"id":1034,"href":"https:\/\/aomatos.com\/mates\/wp-json\/wp\/v2\/pages\/4\/revisions\/1034"}],"up":[{"embeddable":true,"href":"https:\/\/aomatos.com\/mates\/wp-json\/wp\/v2\/pages\/2"}],"wp:attachment":[{"href":"https:\/\/aomatos.com\/mates\/wp-json\/wp\/v2\/media?parent=4"}],"curies":[{"name":"wp","href":"https:\/\/api.w.org\/{rel}","templated":true}]}}